{"id":9,"date":"2025-02-20T16:15:28","date_gmt":"2025-02-20T15:15:28","guid":{"rendered":"http:\/\/www.vfa-rochlitzer-berg.de\/wordpress\/?page_id=9"},"modified":"2025-02-25T10:22:11","modified_gmt":"2025-02-25T09:22:11","slug":"rochlitzer-berglauf","status":"publish","type":"page","link":"https:\/\/www.vfa-rochlitzer-berg.de\/?page_id=9","title":{"rendered":"Rochlitzer Berglauf"},"content":{"rendered":"<p style=\"text-align: left;\"><strong><span style=\"color: #0000ff;\">Termine 2025<\/span><\/strong><\/p>\n<p style=\"text-align: right;\"><strong>Profil der 10 km Strecke<\/strong><\/p>\n<p><a href=\"http:\/\/www.vfa-rochlitzer-berg.de\/wp-content\/uploads\/2009\/09\/profil.jpg\" rel=\"lightbox[9]\"><img loading=\"lazy\" decoding=\"async\" class=\"alignleft size-medium wp-image-4\" style=\"float: right;\" src=\"http:\/\/www.vfa-rochlitzer-berg.de\/wp-content\/uploads\/2009\/09\/profil-300x137.jpg\" alt=\"profil\" width=\"300\" height=\"137\" srcset=\"https:\/\/www.vfa-rochlitzer-berg.de\/wp-content\/uploads\/2009\/09\/profil-300x137.jpg 300w, https:\/\/www.vfa-rochlitzer-berg.de\/wp-content\/uploads\/2009\/09\/profil-624x286.jpg 624w, https:\/\/www.vfa-rochlitzer-berg.de\/wp-content\/uploads\/2009\/09\/profil.jpg 946w\" sizes=\"auto, (max-width: 300px) 100vw, 300px\" \/><\/a><\/p>\n<p>&nbsp;<\/p>\n<ul>\n<li><span style=\"font-family: arial,helvetica,sans-serif;\"><strong>22.03.2025 &#8211; 09.30 Uhr &#8211; Fr\u00fchjahrsberglauf<\/strong><\/span><\/li>\n<li><span style=\"font-family: arial,helvetica,sans-serif;\"><strong>20.09.2025 &#8211; 09.30 Uhr &#8211; 46. Rochlitzer Berglauf<\/strong><\/span>\n<ul>\n<li><span style=\"font-family: arial,helvetica,sans-serif;\"><strong>\u200b<a href=\"http:\/\/www.gpsies.com\/map.do?fileId=uuqgdylmqmufztkf\" target=\"_blank\" rel=\"noopener noreferrer\">&gt;&gt;&nbsp;Streckenverlauf und Profil<\/a><\/strong><\/span><\/li>\n<\/ul>\n<\/li>\n<\/ul>\n<div>&nbsp;<\/div>\n<p>&nbsp;<\/p>\n<p><span style=\"color: #0000ff;\"><strong>Ausschreibung&nbsp; Rochlitzer Berglauf&nbsp;&nbsp;&nbsp;&nbsp;&nbsp;&nbsp;&nbsp;&nbsp;&nbsp;&nbsp;&nbsp;&nbsp;&nbsp;&nbsp;&nbsp;&nbsp;&nbsp;&nbsp;&nbsp;&nbsp;&nbsp;&nbsp;&nbsp;&nbsp;&nbsp;&nbsp;&nbsp;&nbsp;&nbsp;&nbsp;&nbsp;&nbsp;&nbsp;&nbsp;&nbsp;&nbsp;&nbsp;&nbsp;&nbsp;&nbsp;&nbsp;&nbsp;&nbsp;&nbsp;&nbsp;&nbsp;&nbsp;&nbsp;&nbsp;&nbsp;&nbsp;&nbsp;&nbsp;&nbsp;&nbsp;&nbsp; <a href=\"http:\/\/www.vfa-rochlitzer-berg.de\/?page_id=160\" target=\"_blank\" rel=\"noopener noreferrer\">&gt;&gt;Laufgeschichte<\/a><\/strong><\/span><\/p>\n<table style=\"width: 567px;\" border=\"0\" width=\"1128\" cellspacing=\"4\" cellpadding=\"0\" align=\"center\">\n<tbody>\n<tr>\n<td><strong>Veranstaltungstag:<\/strong><\/td>\n<td style=\"width: 391px;\">Sonnabend, 22. M\u00e4rz 2025<\/td>\n<\/tr>\n<tr>\n<td><strong>Streckenl\u00e4ngen:<\/strong><\/td>\n<td style=\"width: 391px;\">\n<ul>\n<li>3,5 km<\/li>\n<li>10,5 km<\/li>\n<\/ul>\n<\/td>\n<\/tr>\n<tr>\n<td><strong>Startzeit:<\/strong>&nbsp;<\/p>\n<p><strong>Meldung:<\/strong><\/td>\n<td style=\"width: 391px;\"><strong>9:30 Uhr&nbsp;<\/strong><\/p>\n<p><span style=\"font-family: inherit; font-size: inherit; background-color: transparent;\">ab 1. M\u00e4rz <\/span><strong>online<\/strong> unter <a href=\"http:\/\/www.vfa-rochlitzer-berg.de\">www.vfa-rochlitzer-berg.de<\/a><\/p>\n<p>und bis 30 min vor Ort am Start<\/td>\n<\/tr>\n<tr>\n<td><strong>Start- \/ Zielbereich: <\/strong><\/td>\n<td style=\"width: 391px;\">Gel\u00e4nde des Vereins der Sch\u00e4ferhunde, hinter der Schlossaue, S\u00f6rnziger Weg 6<\/td>\n<\/tr>\n<tr>\n<td><strong>Streckenf\u00fchrung:<\/strong>&nbsp;<\/p>\n<p>&nbsp;<\/td>\n<td style=\"width: 391px;\">Die Strecke (10 km) f\u00fchrt zuerst durch den Rochlitzer Bergwald entlang der Zwickauer Mulde, dann an Sehensw\u00fcrdigkeiten, wie dem Turm des Rochlitzer Berges, dem Rochlitzer Schloss, meist wird auf Waldwegen und Stra\u00dfen gelaufen<\/td>\n<\/tr>\n<tr>\n<td><strong>Wertung\/Leistungen:<\/strong>&nbsp;<\/p>\n<p>&nbsp;<\/td>\n<td style=\"width: 391px;\">Jeder Teilnehmer erh\u00e4lt nach dem Zieleinlauf eine Urkunde, Kinder kleine PreiseZielverpflegung \u2013 Wasser und Tee<br \/>\nOnline-Ergebnislisten mit pers\u00f6nlicher Laufzeit<\/td>\n<\/tr>\n<tr>\n<td><strong>Startgeld:<\/strong><\/td>\n<td style=\"width: 391px;\">Es wird kein Startgeld verlangt. <strong>Spenden <\/strong>sind gern willkommen.<\/td>\n<\/tr>\n<tr>\n<td><strong>Veranstalter &amp; Organisation:<\/strong><\/td>\n<td style=\"width: 391px;\">VfA \u201eRochlitzer Berg\u201c e.V.<\/td>\n<\/tr>\n<\/tbody>\n<\/table>\n<div style=\"clear: both;\">&nbsp;<\/div>\n<hr>\n<p style=\"text-align: left;\"><strong><span style=\"color: #0000ff;\">Ergebnisse \u2013 36. Rochlitzer Berglauf<\/span><\/strong><\/p>\n<p><span style=\"color: #333333; font-family: 'Arial',sans-serif; font-size: 10pt;\">Knapp 100 Sportler standen am Samstagmorgen am Start zum <strong>36. Rochlitzer Berglauf.<\/strong> So viele Teilnehmer haben sich lange nicht zu dem traditionellen Wettbewerb gemeldet. Dabei stellten die aktiven Freizeitl\u00e4ufer der Erwachsenen Altersgruppe den gr\u00f6\u00dften Anteil. Die j\u00fcngsten Sportler mit 6 Jahren waren Lina, Tamina und Sophia. Der \u00e4lteste Teilnehmer war Frank Z. mit 70 Jahren aus Mittweida.<\/span><\/p>\n<p><span style=\"color: #333333; font-family: 'Arial',sans-serif; font-size: 10pt;\">Die Bedingungen zum Laufen in der Natur waren auch ideal. Die Strecke durch den Rochlitzer Bergwald war trocken und die Temperaturen angenehm. Auch zeigte die Natur mit dem Bl\u00e4tterdach der B\u00e4ume noch keine Anzeichen von Herbststimmung. Nur die Halbmarathonl\u00e4ufer mussten die letzten Meter im Nieselregen zur\u00fccklegen.<\/span><\/p>\n<p><span style=\"color: #333333; font-family: 'Arial',sans-serif; font-size: 10pt;\"><strong>Clemens Donner<\/strong> sprintete als Erster \u00fcber die Ziellinie und gewann den Lauf \u00fcber 3,5 km in 14:13 min. Sieger \u00fcber die 10,5 km Strecke wurde <strong>David Goetz <\/strong>aus Lunzenau in 46:52 min. Den Halbmarathon haben sich 8 Sportler vorgenommen, dabei gilt es zwei Mal die H\u00f6henmeter vom Muldenufer bis zum Rochlitzer Berg zur\u00fcck zulegen. <strong>Andr\u00e9 Habeland<\/strong> gewann \u00fcber diese Distanz in 1:42:10 h.<\/span><\/p>\n<p><span style=\"color: #333333; font-family: 'Arial',sans-serif; font-size: 10pt;\">Alle Teilnehmer erhielten eine Urkunde und die Kinder kleine Preise.<\/span><\/p>\n<p><strong>Ergebnisse <\/strong>aller L\u00e4ufe hier: <a href=\"http:\/\/www.vfa-rochlitzer-berg.de\/wp-content\/uploads\/2015\/09\/PDF-Ergebnisliste-36.BL_.pdf\"><span style=\"color: #0066cc;\">PDF-Ergebnisliste-36.BL<\/span><\/a><\/p>\n<hr>\n<p><span style=\"color: #0000cd;\"><strong>27.09.2014 \u2013 35. Rochlitzer Berglauf<\/strong><\/span><\/p>\n<p>Nach Tagen tr\u00fcben Herbstwetters zeigte sich zur Freude aller Sportler am Sonnabendvormittag die Sonne. Es waren beste Bedingungen f\u00fcr die Laufstrecken durch den Rochlitzer Bergwald. P\u00fcnktlich 9:30 Uhr starteten 75 L\u00e4ufer an unserem Vereinsheim \u00fcber 3 verschiedene Strecken \u00fcber 3,5 km, 10,5 km und die Halbmarathonstrecke. Sieger \u00fcber die kurze Distanz wurde <strong>Andreas Wieland &nbsp;in 14:54 min<\/strong>. Bei der 10,5 km Strecke gewann wieder einmal <strong>Bernd Cupl in 46:20 min <\/strong>und \u00fcber die <strong>21,1 km Dirk Rappich<\/strong> in<strong> 1:42:18 h<\/strong>. Die erzielten Siegerzeiten waren sehr gute Ergebnisse, doch gab es in vergangenen Jahren auch schon schnellere L\u00e4ufer. Nach dem Zieleinlauf &nbsp;erhielten alle Sportler eine Urkunde und die Kinder kleine Preise.<strong> <a href=\"http:\/\/www.vfa-rochlitzer-berg.de\/wp-content\/uploads\/2013\/11\/Ergebnisse-35-Rochlitzer-Berglauf.pdf\">&gt;&gt; Ergebnisse-35-Rochlitzer-Berglauf<\/a><\/strong><\/p>\n<p><a href=\"http:\/\/www.vfa-rochlitzer-berg.de\/wp-content\/uploads\/2013\/11\/35-berglauf.-17.jpg\" rel=\"lightbox[9]\"><img loading=\"lazy\" decoding=\"async\" class=\"alignleft size-thumbnail wp-image-1823\" src=\"http:\/\/www.vfa-rochlitzer-berg.de\/wp-content\/uploads\/2013\/11\/35-berglauf.-17-150x150.jpg\" alt=\"35-berglauf. (1)\" width=\"150\" height=\"150\"><\/a> <a href=\"http:\/\/www.vfa-rochlitzer-berg.de\/wp-content\/uploads\/2013\/11\/35-berglauf.-92.jpg\" rel=\"lightbox[9]\"><img loading=\"lazy\" decoding=\"async\" class=\"alignleft size-thumbnail wp-image-1818\" src=\"http:\/\/www.vfa-rochlitzer-berg.de\/wp-content\/uploads\/2013\/11\/35-berglauf.-92-150x150.jpg\" alt=\"35-berglauf. (9)\" width=\"150\" height=\"150\"><\/a> <a href=\"http:\/\/www.vfa-rochlitzer-berg.de\/wp-content\/uploads\/2013\/11\/35-berglauf.-112.jpg\" rel=\"lightbox[9]\"><img loading=\"lazy\" decoding=\"async\" class=\"alignleft size-thumbnail wp-image-1820\" src=\"http:\/\/www.vfa-rochlitzer-berg.de\/wp-content\/uploads\/2013\/11\/35-berglauf.-112-150x150.jpg\" alt=\"35-berglauf. (11)\" width=\"150\" height=\"150\"><\/a> <a href=\"http:\/\/www.vfa-rochlitzer-berg.de\/wp-content\/uploads\/2013\/11\/35-berglauf.-122.jpg\" rel=\"lightbox[9]\"><img loading=\"lazy\" decoding=\"async\" class=\"alignleft size-thumbnail wp-image-1821\" src=\"http:\/\/www.vfa-rochlitzer-berg.de\/wp-content\/uploads\/2013\/11\/35-berglauf.-122-150x150.jpg\" alt=\"35-berglauf. (12)\" width=\"150\" height=\"150\"><\/a> <a href=\"http:\/\/www.vfa-rochlitzer-berg.de\/wp-content\/uploads\/2013\/11\/35-berglauf.-102.jpg\" rel=\"lightbox[9]\"><img loading=\"lazy\" decoding=\"async\" class=\"alignleft size-thumbnail wp-image-1819\" src=\"http:\/\/www.vfa-rochlitzer-berg.de\/wp-content\/uploads\/2013\/11\/35-berglauf.-102-150x150.jpg\" alt=\"35-berglauf. (10)\" width=\"150\" height=\"150\"><\/a> <a href=\"http:\/\/www.vfa-rochlitzer-berg.de\/wp-content\/uploads\/2013\/11\/35-berglauf.-162.jpg\" rel=\"lightbox[9]\"><img loading=\"lazy\" decoding=\"async\" class=\"alignleft size-thumbnail wp-image-1822\" src=\"http:\/\/www.vfa-rochlitzer-berg.de\/wp-content\/uploads\/2013\/11\/35-berglauf.-162-150x150.jpg\" alt=\"35-berglauf. (16)\" width=\"150\" height=\"150\"><\/a><\/p>\n<p>&nbsp;<\/p>\n<p>&nbsp;<\/p>\n<p>&nbsp;<\/p>\n<p>&nbsp;<\/p>\n<p>&nbsp;<\/p>\n<p>&nbsp;<\/p>\n<p>&nbsp;<\/p>\n<p>&nbsp;<\/p>\n<p>&nbsp;<\/p>\n<p>&nbsp;<\/p>\n<p>&nbsp;<\/p>\n<p>&nbsp;<\/p>\n<p>&nbsp;<\/p>\n<hr>\n<hr>\n<p><span style=\"color: #0000cd;\"><strong>Fr\u00fchjahrsberglauf bei eisiger K\u00e4lte<\/strong><\/span><\/p>\n<p>Traditionell zum Fr\u00fchlingsanfang veranstaltet der VfA den <strong>Fr\u00fchjahrsberglauf<\/strong>. Bei eisigen Temperaturen, aber wengstens mit Sonnenschein fanden sich <strong>72 Starter<\/strong>&nbsp; 9.30 Uhr am Vereinsheim ein. Sie wollten einfach auf sportliche Wei\u00dfe den Fr\u00fchling einl\u00e4uten.<\/p>\n<p>Um die Sicherheit beim Laufen durch den Rochlitzer Bergwald zu gew\u00e4hrleisten wurden die <strong>Strecken kurzfristig<\/strong> ge\u00e4ndert. Auf den Waldwegen ist einfach zu viel Schnee und Eis. Die kleine Runde von 2,6 km verlief \u00fcber die Insel und die gro\u00dfe Runde \u00fcber 6,6 km \u00fcber die Schaukelbr\u00fccken in Rochlitz und S\u00f6rnzig.<\/p>\n<p>Sieger der Inselrunde wurde <strong>Florian Hainich <\/strong>in <strong>11:42 min<\/strong> und \u00fcber die gro\u00dfe Strecke siegte <strong>Benny Langner <\/strong>in <strong>26:36 min.<\/strong><\/p>\n<p><strong>Ergebnisse &gt;&gt;<\/strong> <a href=\"http:\/\/www.vfa-rochlitzer-berg.de\/\/wp-content\/uploads\/file\/F-lauf-2013.pdf\" target=\"_blank\" rel=\"noopener noreferrer\">Fr\u00fchjahrsberglauf-2013<\/a><\/p>\n<p>&nbsp;<a href=\"http:\/\/www.vfa-rochlitzer-berg.de\/wp-content\/uploads\/2013\/03\/f-lauf2013-1.jpg\" rel=\"lightbox[9]\"><img loading=\"lazy\" decoding=\"async\" class=\"alignleft size-thumbnail wp-image-1062\" src=\"http:\/\/www.vfa-rochlitzer-berg.de\/wp-content\/uploads\/2013\/03\/f-lauf2013-1-150x150.jpg\" alt=\"f-lauf2013-1\" width=\"150\" height=\"150\"><\/a> <a href=\"http:\/\/www.vfa-rochlitzer-berg.de\/wp-content\/uploads\/2013\/03\/f-lauf2013-3.jpg\" rel=\"lightbox[9]\"><img loading=\"lazy\" decoding=\"async\" class=\"alignleft size-thumbnail wp-image-1061\" src=\"http:\/\/www.vfa-rochlitzer-berg.de\/wp-content\/uploads\/2013\/03\/f-lauf2013-3-150x150.jpg\" alt=\"f-lauf2013-3\" width=\"150\" height=\"150\"><\/a> <a href=\"http:\/\/www.vfa-rochlitzer-berg.de\/wp-content\/uploads\/2013\/03\/f-lauf2013-2.jpg\" rel=\"lightbox[9]\"><img loading=\"lazy\" decoding=\"async\" class=\"alignleft size-thumbnail wp-image-1063\" src=\"http:\/\/www.vfa-rochlitzer-berg.de\/wp-content\/uploads\/2013\/03\/f-lauf2013-2-150x150.jpg\" alt=\"f-lauf2013-2\" width=\"150\" height=\"150\"><\/a><\/p>\n<p>&nbsp;<\/p>\n<p>&nbsp;<\/p>\n<p>&nbsp;<\/p>\n<p>&nbsp;<\/p>\n<p>W\u00e4hrend die meisten entweder ihre eigene Fitness \u00fcberpr\u00fcfen oder einfach auch mal wieder in der Gemeinschaft einen Lauf bestreiten wollen, k\u00f6nnen wichtige Punkte f\u00fcr den <strong>Runner\u00b4s Cup<\/strong> gesammelt werden. &nbsp;Innerhalb dieser, von der <a href=\"http:\/\/www.lg-mittweida.de\/runnerscup.html\" target=\"_blank\" rel=\"noopener noreferrer\">LG Mittweida <\/a>ausgeschriebenen Laufserie geht es darum, \u00fcber die Laufsaison hinweg gute Platzierungen zu erreichen.<\/p>\n<hr>\n<p><span style=\"color: #0000ff;\"><strong>29.09.2012 &#8211; 33. Rochlitzer Berglauf<\/strong><\/span><\/p>\n<p>Am Sonnabendvormittag war an unserem Vereinsheim bei herrlichem sonnigen Wetter , 9.30 Uhr Start zum 33. Rochlitzer Berglauf. 65 Teilnehmer starteten beim Herbstlauf durch den Rochlitzer Bergwald \u00fcber Strecken von 3,5 km; 10,5 km und die Halbmarathonstrecke. Sieger \u00fcber die kurze Strecke wurde <strong>Heiko Stockhecke in 14:11 min<\/strong>. Bei der 10,5 km Strecke gewann wieder einmal <strong>Benny Langner in 45:01 min <\/strong>und \u00fcber die <strong>21,1 km Matthias Kr\u00fcger<\/strong> in 1:46:35 h. Die Organisatoren rechneten eigentlich mit einem gr\u00f6\u00dferem Teilnehmerfeld, aber bei vielen Veranstaltungen die zeitgleich stattfinden ist dies verst\u00e4ndlich.<a href=\"http:\/\/www.vfa-rochlitzer-berg.de\/wordpress\/wp-content\/uploads\/2009\/09\/erg-33-berglauf.pdf\" target=\"_blank\" rel=\"noopener noreferrer\">&gt;&gt; Ergebnisse als PDF-Datei<\/a><\/p>\n<p><a href=\"http:\/\/www.vfa-rochlitzer-berg.de\/wp-content\/uploads\/2009\/09\/33-berglauf-05.jpg\" rel=\"lightbox[9]\"><img loading=\"lazy\" decoding=\"async\" class=\"alignnone size-medium wp-image-853\" src=\"http:\/\/www.vfa-rochlitzer-berg.de\/wp-content\/uploads\/2009\/09\/33-berglauf-05-300x200.jpg\" alt=\"33-berglauf-05\" width=\"300\" height=\"200\" srcset=\"https:\/\/www.vfa-rochlitzer-berg.de\/wp-content\/uploads\/2009\/09\/33-berglauf-05-300x200.jpg 300w, https:\/\/www.vfa-rochlitzer-berg.de\/wp-content\/uploads\/2009\/09\/33-berglauf-05.jpg 1024w\" sizes=\"auto, (max-width: 300px) 100vw, 300px\" \/><\/a> <a href=\"http:\/\/www.vfa-rochlitzer-berg.de\/wp-content\/uploads\/2009\/09\/33-berglauf-07.jpg\" rel=\"lightbox[9]\"><img loading=\"lazy\" decoding=\"async\" class=\"alignnone size-medium wp-image-854\" src=\"http:\/\/www.vfa-rochlitzer-berg.de\/wp-content\/uploads\/2009\/09\/33-berglauf-07-300x200.jpg\" alt=\"33-berglauf-07\" width=\"300\" height=\"200\" srcset=\"https:\/\/www.vfa-rochlitzer-berg.de\/wp-content\/uploads\/2009\/09\/33-berglauf-07-300x200.jpg 300w, https:\/\/www.vfa-rochlitzer-berg.de\/wp-content\/uploads\/2009\/09\/33-berglauf-07.jpg 1024w\" sizes=\"auto, (max-width: 300px) 100vw, 300px\" \/><\/a> <a href=\"http:\/\/www.vfa-rochlitzer-berg.de\/wp-content\/uploads\/2009\/09\/33-berglauf-09.jpg\" rel=\"lightbox[9]\"><img loading=\"lazy\" decoding=\"async\" class=\"alignnone size-medium wp-image-855\" src=\"http:\/\/www.vfa-rochlitzer-berg.de\/wp-content\/uploads\/2009\/09\/33-berglauf-09-300x200.jpg\" alt=\"33-berglauf-09\" width=\"300\" height=\"200\" srcset=\"https:\/\/www.vfa-rochlitzer-berg.de\/wp-content\/uploads\/2009\/09\/33-berglauf-09-300x200.jpg 300w, https:\/\/www.vfa-rochlitzer-berg.de\/wp-content\/uploads\/2009\/09\/33-berglauf-09.jpg 1024w\" sizes=\"auto, (max-width: 300px) 100vw, 300px\" \/><\/a><a href=\"http:\/\/www.vfa-rochlitzer-berg.de\/wp-content\/uploads\/2009\/09\/33-berglauf-13.jpg\" rel=\"lightbox[9]\"><img loading=\"lazy\" decoding=\"async\" class=\"alignnone size-medium wp-image-863\" src=\"http:\/\/www.vfa-rochlitzer-berg.de\/wp-content\/uploads\/2009\/09\/33-berglauf-13-300x200.jpg\" alt=\"33-berglauf-13\" width=\"300\" height=\"200\" srcset=\"https:\/\/www.vfa-rochlitzer-berg.de\/wp-content\/uploads\/2009\/09\/33-berglauf-13-300x200.jpg 300w, https:\/\/www.vfa-rochlitzer-berg.de\/wp-content\/uploads\/2009\/09\/33-berglauf-13.jpg 1024w\" sizes=\"auto, (max-width: 300px) 100vw, 300px\" \/> <\/a><\/p>\n<hr>\n<p>&nbsp;<\/p>\n","protected":false},"excerpt":{"rendered":"<p>Termine 2025 Profil der 10 km Strecke &nbsp; 22.03.2025 &#8211; 09.30 Uhr &#8211; Fr\u00fchjahrsberglauf 20.09.2025 &#8211; 09.30 Uhr &#8211; 46. Rochlitzer Berglauf \u200b&gt;&gt;&nbsp;Streckenverlauf und Profil &nbsp; &nbsp; Ausschreibung&nbsp; Rochlitzer Berglauf&nbsp;&nbsp;&nbsp;&nbsp;&nbsp;&nbsp;&nbsp;&nbsp;&nbsp;&nbsp;&nbsp;&nbsp;&nbsp;&nbsp;&nbsp;&nbsp;&nbsp;&nbsp;&nbsp;&nbsp;&nbsp;&nbsp;&nbsp;&nbsp;&nbsp;&nbsp;&nbsp;&nbsp;&nbsp;&nbsp;&nbsp;&nbsp;&nbsp;&nbsp;&nbsp;&nbsp;&nbsp;&nbsp;&nbsp;&nbsp;&nbsp;&nbsp;&nbsp;&nbsp;&nbsp;&nbsp;&nbsp;&nbsp;&nbsp;&nbsp;&nbsp;&nbsp;&nbsp;&nbsp;&nbsp;&nbsp; &gt;&gt;Laufgeschichte Veranstaltungstag: Sonnabend, 22. M\u00e4rz 2025 Streckenl\u00e4ngen: 3,5 km 10,5 km Startzeit:&nbsp; Meldung: 9:30 Uhr&nbsp; ab 1. M\u00e4rz online unter www.vfa-rochlitzer-berg.de und bis 30 min &hellip; <\/p>\n<p><a class=\"more-link btn\" href=\"https:\/\/www.vfa-rochlitzer-berg.de\/?page_id=9\">Weiterlesen<\/a><\/p>\n","protected":false},"author":1,"featured_media":15,"parent":0,"menu_order":2,"comment_status":"open","ping_status":"open","template":"","meta":{"ngg_post_thumbnail":0,"footnotes":""},"class_list":["post-9","page","type-page","status-publish","has-post-thumbnail","hentry","nodate","item-wrap"],"_links":{"self":[{"href":"https:\/\/www.vfa-rochlitzer-berg.de\/index.php?rest_route=\/wp\/v2\/pages\/9","targetHints":{"allow":["GET"]}}],"collection":[{"href":"https:\/\/www.vfa-rochlitzer-berg.de\/index.php?rest_route=\/wp\/v2\/pages"}],"about":[{"href":"https:\/\/www.vfa-rochlitzer-berg.de\/index.php?rest_route=\/wp\/v2\/types\/page"}],"author":[{"embeddable":true,"href":"https:\/\/www.vfa-rochlitzer-berg.de\/index.php?rest_route=\/wp\/v2\/users\/1"}],"replies":[{"embeddable":true,"href":"https:\/\/www.vfa-rochlitzer-berg.de\/index.php?rest_route=%2Fwp%2Fv2%2Fcomments&post=9"}],"version-history":[{"count":65,"href":"https:\/\/www.vfa-rochlitzer-berg.de\/index.php?rest_route=\/wp\/v2\/pages\/9\/revisions"}],"predecessor-version":[{"id":4615,"href":"https:\/\/www.vfa-rochlitzer-berg.de\/index.php?rest_route=\/wp\/v2\/pages\/9\/revisions\/4615"}],"wp:featuredmedia":[{"embeddable":true,"href":"https:\/\/www.vfa-rochlitzer-berg.de\/index.php?rest_route=\/wp\/v2\/media\/15"}],"wp:attachment":[{"href":"https:\/\/www.vfa-rochlitzer-berg.de\/index.php?rest_route=%2Fwp%2Fv2%2Fmedia&parent=9"}],"curies":[{"name":"wp","href":"https:\/\/api.w.org\/{rel}","templated":true}]}}