{"id":1106,"date":"2018-01-17T11:48:56","date_gmt":"2018-01-17T10:48:56","guid":{"rendered":"http:\/\/www.vfa-rochlitzer-berg.de\/?page_id=1106"},"modified":"2018-01-17T21:15:40","modified_gmt":"2018-01-17T20:15:40","slug":"schach-2","status":"publish","type":"page","link":"https:\/\/www.vfa-rochlitzer-berg.de\/?page_id=1106","title":{"rendered":"Schach"},"content":{"rendered":"<p><strong>Rochlitzer Saison 2017\/2018<\/strong><a href=\"http:\/\/www.vfa-rochlitzer-berg.de\/wp-content\/uploads\/2013\/04\/chess.jpg\" rel=\"lightbox[1106]\"><img loading=\"lazy\" decoding=\"async\" class=\"alignright size-full wp-image-1103\" src=\"http:\/\/www.vfa-rochlitzer-berg.de\/wp-content\/uploads\/2013\/04\/chess.jpg\" alt=\"chess\" width=\"150\" height=\"180\"><\/a><\/p>\n<p>Die Mannschaft des VfA Rochlitzer Berg e. V. ist in die neue Saison der Chemnitzer Verbandsliga gestartet und konnte die ersten Spiele bereits f\u00fcr sich entscheiden. Der Wille ist es, den Wanderpokal zum dritten Mal zu gewinnen, damit dieser dann im Besitz unserer Schachmannschaft bleiben kann.<\/p>\n<p><strong>Digitale Zukunft<\/strong><\/p>\n<p><a href=\"http:\/\/www.vfa-rochlitzer-berg.de\/wp-content\/uploads\/2018\/01\/PIC_0016.jpg\" rel=\"lightbox[1106]\"><img loading=\"lazy\" decoding=\"async\" class=\"alignleft size-thumbnail wp-image-2887\" src=\"http:\/\/www.vfa-rochlitzer-berg.de\/wp-content\/uploads\/2018\/01\/PIC_0016-150x150.jpg\" alt=\"\" width=\"150\" height=\"150\"><\/a>Durch die Anschaffung von neuen Schachuhren ist das digitale Zeitalter auch bei den Schachspielern in Rochlitz angekommen Die Zukunft ist somit auch bei ge\u00e4nderten Spielbedingungen gesichert und die Schachspieler k\u00f6nnen sich mit dem neuen digitalen &nbsp;Management der Zeiterfassung vertraut machen und sich an die dann geltenden neuen Turnierbedingungen gew\u00f6hnen. Insbesondere die Kinder und Jugendlichen sollen dies bereits von Anfang an erlernen.<\/p>\n<p><strong>SG Agro Geithain und VfA Rochlitzer Berg e. V.<\/strong><\/p>\n<p>Auch zuk\u00fcnftig wird die Zusammenarbeit mit dem SG Agro Geithain an den Trainingsabenden fortgesetzt. Die Spielabende finden in den geraden Kalenderwochen jeweils freitags in Geithain im B\u00fcrgerhaus ab 20:00 Uhr und an den ungeraden Kalenderwochen jeweils donnerstags im Vereinsheim in Rochlitz bereits ab 18:00 Uhr statt.<\/p>\n<p>Die&nbsp; Sektion Schach des VfA Rochlitzer Berg freut sich jederzeit \u00fcber Neuzug\u00e4nge, um die Mannschaft zu verst\u00e4rken. Interessenten sind gern an den Trainingsabenden eingeladen.<\/p>\n<hr>\n<p>&nbsp; <a href=\"http:\/\/www.vfa-rochlitzer-berg.de\/wp-content\/uploads\/2018\/01\/PIC_0015.jpg\" rel=\"lightbox[1106]\"><img loading=\"lazy\" decoding=\"async\" class=\"alignleft size-thumbnail wp-image-2885\" src=\"http:\/\/www.vfa-rochlitzer-berg.de\/wp-content\/uploads\/2018\/01\/PIC_0015-150x150.jpg\" alt=\"\" width=\"150\" height=\"150\"><\/a><a href=\"http:\/\/www.vfa-rochlitzer-berg.de\/wp-content\/uploads\/2018\/01\/PIC_0013.jpg\" rel=\"lightbox[1106]\"><img loading=\"lazy\" decoding=\"async\" class=\"alignleft size-thumbnail wp-image-2884\" src=\"http:\/\/www.vfa-rochlitzer-berg.de\/wp-content\/uploads\/2018\/01\/PIC_0013-150x150.jpg\" alt=\"\" width=\"150\" height=\"150\"><\/a><a href=\"http:\/\/www.vfa-rochlitzer-berg.de\/wp-content\/uploads\/2018\/01\/PIC_0020.jpg\" rel=\"lightbox[1106]\"><img loading=\"lazy\" decoding=\"async\" class=\"alignleft size-thumbnail wp-image-2883\" src=\"http:\/\/www.vfa-rochlitzer-berg.de\/wp-content\/uploads\/2018\/01\/PIC_0020-150x150.jpg\" alt=\"\" width=\"150\" height=\"150\"><\/a>Schach, das Fitnessprogramm f\u00fcrs Gehirn. Der Sport, der alles in Bewegung setzt f\u00fcrs Leben. Wer seine Gehirnzellen zum Gl\u00fchen bringen m\u00f6chte kann zu den <strong>Trainingszeiten<\/strong><\/p>\n<p>in das <strong>Vereinsheim des VfA<\/strong> jeden <strong>Donnerstag, <\/strong><strong>ab 18.00 Uhr <\/strong>gern vorbeikommen.<\/p>\n<p>Die Schachspieler unseres Vereins werben um Nachwuchs. Interessierte Kinder und Jugendliche, die das <strong>Schachspiel lernen<\/strong> wollen, schon k\u00f6nnen und in einer Mannschaft mitspielen wollen sind herzlich willkommen und k\u00f6nnen unverbindlich vorbeischauen.<\/p>\n<p>&nbsp;<\/p>\n<p><a href=\"http:\/\/www.vfa-rochlitzer-berg.de\/wp-content\/uploads\/2013\/04\/schach.gif\" rel=\"lightbox[1106]\"><img loading=\"lazy\" decoding=\"async\" class=\"alignright size-full wp-image-1104\" src=\"http:\/\/www.vfa-rochlitzer-berg.de\/wp-content\/uploads\/2013\/04\/schach.gif\" alt=\"schach\" width=\"279\" height=\"280\"><\/a>Die <strong><a href=\"http:\/\/www.brettspielnetz.de\/spielregeln\/schach.php\" target=\"_blank\" rel=\"noopener\">Schachspielanleitung<\/a> <\/strong>bis zum Schach Matt.&nbsp;<\/p>\n<p>Aktuelles vom <a href=\"http:\/\/www.schachverband-sachsen.de\" target=\"_blank\" rel=\"noopener\"><strong>Schachverband Sachsen e.V.<\/strong><\/a><\/p>\n","protected":false},"excerpt":{"rendered":"<p>Rochlitzer Saison 2017\/2018 Die Mannschaft des VfA Rochlitzer Berg e. V. ist in die neue Saison der Chemnitzer Verbandsliga gestartet und konnte die ersten Spiele bereits f\u00fcr sich entscheiden. Der Wille ist es, den Wanderpokal zum dritten Mal zu gewinnen, damit dieser dann im Besitz unserer Schachmannschaft bleiben kann. Digitale Zukunft Durch die Anschaffung von &hellip; <\/p>\n<p><a class=\"more-link btn\" href=\"https:\/\/www.vfa-rochlitzer-berg.de\/?page_id=1106\">Weiterlesen<\/a><\/p>\n","protected":false},"author":2,"featured_media":1103,"parent":0,"menu_order":0,"comment_status":"closed","ping_status":"closed","template":"","meta":{"ngg_post_thumbnail":0,"footnotes":""},"class_list":["post-1106","page","type-page","status-publish","has-post-thumbnail","hentry","nodate","item-wrap"],"_links":{"self":[{"href":"https:\/\/www.vfa-rochlitzer-berg.de\/index.php?rest_route=\/wp\/v2\/pages\/1106","targetHints":{"allow":["GET"]}}],"collection":[{"href":"https:\/\/www.vfa-rochlitzer-berg.de\/index.php?rest_route=\/wp\/v2\/pages"}],"about":[{"href":"https:\/\/www.vfa-rochlitzer-berg.de\/index.php?rest_route=\/wp\/v2\/types\/page"}],"author":[{"embeddable":true,"href":"https:\/\/www.vfa-rochlitzer-berg.de\/index.php?rest_route=\/wp\/v2\/users\/2"}],"replies":[{"embeddable":true,"href":"https:\/\/www.vfa-rochlitzer-berg.de\/index.php?rest_route=%2Fwp%2Fv2%2Fcomments&post=1106"}],"version-history":[{"count":11,"href":"https:\/\/www.vfa-rochlitzer-berg.de\/index.php?rest_route=\/wp\/v2\/pages\/1106\/revisions"}],"predecessor-version":[{"id":2897,"href":"https:\/\/www.vfa-rochlitzer-berg.de\/index.php?rest_route=\/wp\/v2\/pages\/1106\/revisions\/2897"}],"wp:featuredmedia":[{"embeddable":true,"href":"https:\/\/www.vfa-rochlitzer-berg.de\/index.php?rest_route=\/wp\/v2\/media\/1103"}],"wp:attachment":[{"href":"https:\/\/www.vfa-rochlitzer-berg.de\/index.php?rest_route=%2Fwp%2Fv2%2Fmedia&parent=1106"}],"curies":[{"name":"wp","href":"https:\/\/api.w.org\/{rel}","templated":true}]}}