{"id":11,"date":"2023-09-21T11:00:38","date_gmt":"2023-09-21T10:00:38","guid":{"rendered":"http:\/\/www.vfa-rochlitzer-berg.de\/wordpress\/?page_id=11"},"modified":"2024-11-08T16:58:41","modified_gmt":"2024-11-08T15:58:41","slug":"trainingszeiten","status":"publish","type":"page","link":"https:\/\/www.vfa-rochlitzer-berg.de\/?page_id=11","title":{"rendered":"Trainingszeiten"},"content":{"rendered":"<p>&nbsp;<\/p>\n<table border=\"1\">\n<tbody>\n<tr>\n<td colspan=\"5\" bgcolor=\"#0b55c4\"><span style=\"color: #ffffff;\"><strong>Badminton<\/strong><\/span><\/td>\n<\/tr>\n<tr bgcolor=\"#c3d2e5\">\n<td>Tag<\/td>\n<td>Uhrzeit<\/td>\n<td>Sportst\u00e4tte<\/td>\n<td>Altersgruppe<\/td>\n<td>\u00dcbungsleiter<\/td>\n<\/tr>\n<tr>\n<td>Dienstag<\/td>\n<td>19.00 &#8211; 21.00 Uhr<\/td>\n<td>SH am Regenbogen<\/td>\n<td>17 &#8211; 77 Jahre<\/td>\n<td>D. Wachler<\/td>\n<\/tr>\n<tr>\n<td colspan=\"5\" bgcolor=\"#0b55c4\"><span style=\"color: #ffffff;\"><strong>Fitness<\/strong><\/span><\/td>\n<\/tr>\n<tr bgcolor=\"#c3d2e5\">\n<td>Tag<\/td>\n<td>Uhrzeit<\/td>\n<td>Sportst\u00e4tte<\/td>\n<td>Altersgruppe<\/td>\n<td>\u00dcbungsleiter<\/td>\n<\/tr>\n<tr>\n<td>Montag bis Donnerstag<\/td>\n<td>10.00 &#8211; 21.00 Uhr<\/td>\n<td>Fitnessraum im Vereinsheim des VfA<\/td>\n<td>ab 16 Jahre<\/td>\n<td>E. T\u00fcrschmann<\/td>\n<\/tr>\n<tr>\n<td>Freitag<\/td>\n<td>10.00 &#8211; 21.00 Uhr<\/td>\n<td>&nbsp;<\/td>\n<td>ab 16 Jahre<\/td>\n<td>E. T\u00fcrschmann<\/td>\n<\/tr>\n<tr>\n<td>Sonnabend<\/td>\n<td>14.00 &#8211; 18.00 Uhr<\/td>\n<td>&nbsp;<\/td>\n<td>ab 16 Jahre<\/td>\n<td>E. T\u00fcrschmann<\/td>\n<\/tr>\n<tr>\n<td colspan=\"5\" bgcolor=\"#0b55c4\"><span style=\"color: #ffffff;\"><strong>Fu\u00dfball<\/strong><\/span><\/td>\n<\/tr>\n<tr bgcolor=\"#c3d2e5\">\n<td>Tag<\/td>\n<td>Uhrzeit<\/td>\n<td>Sportst\u00e4tte<\/td>\n<td>Altersgruppe<\/td>\n<td>\u00dcbungsleiter<\/td>\n<\/tr>\n<tr>\n<td>Freitag<\/td>\n<td>19.00 &#8211; 21.00 Uhr<\/td>\n<td>SH der Grundschule<\/td>\n<td>ab 16 Jahre<\/td>\n<td>A. Schramm<\/td>\n<\/tr>\n<tr>\n<td colspan=\"5\" bgcolor=\"#0b55c4\"><span style=\"color: #ffffff;\"><strong>Gymnastik &#8211; Frauen<\/strong><\/span><\/td>\n<\/tr>\n<tr bgcolor=\"#c3d2e5\">\n<td>Tag<\/td>\n<td>Uhrzeit<\/td>\n<td>Sportst\u00e4tte<\/td>\n<td>Altersgruppe<\/td>\n<td>\u00dcbungsleiter<\/td>\n<\/tr>\n<tr>\n<td>Montag<\/td>\n<td>20.00 &#8211; 21.00 Uhr<\/td>\n<td>SH der Grundschule<\/td>\n<td>19 &#8211; 99 Jahre<\/td>\n<td>D. Nique&#8216;<\/td>\n<\/tr>\n<tr>\n<td colspan=\"5\" bgcolor=\"#0b55c4\"><span style=\"color: #ffffff;\"><strong>Schach<\/strong><\/span><\/td>\n<\/tr>\n<tr bgcolor=\"#c3d2e5\">\n<td>Tag<\/td>\n<td>Uhrzeit<\/td>\n<td>Sportst\u00e4tte<\/td>\n<td>Altersgruppe<\/td>\n<td>\u00dcbungsleiter<\/td>\n<\/tr>\n<tr>\n<td>Donnerstag<\/td>\n<td>18.00 &#8211; 21.00 Uhr<\/td>\n<td>VfA Vereinsheim<\/td>\n<td>9 &#8211; 99 Jahre<\/td>\n<td>B. Grein<\/td>\n<\/tr>\n<tr>\n<td colspan=\"5\" bgcolor=\"#0b55c4\"><span style=\"color: #ffffff;\"><strong>Leichtathletik<\/strong><\/span><\/td>\n<\/tr>\n<tr bgcolor=\"#c3d2e5\">\n<td>Tag<\/td>\n<td>Uhrzeit<\/td>\n<td>Sportst\u00e4tte<\/td>\n<td>Altersgruppe<\/td>\n<td>\u00dcbungsleiter<\/td>\n<\/tr>\n<tr>\n<td>Dienstag<\/td>\n<td>16.30 &#8211; 18.30 Uhr<\/td>\n<td>Stadion, ab November TH am Regenbogen,&nbsp;<\/td>\n<td>7 &#8211; 19 Jahre<\/td>\n<td>M. Sperling, R. Weber, P. Storl, C. Kahlert<\/td>\n<\/tr>\n<tr>\n<td>Mittwoch<\/td>\n<td>19.00 &#8211; 20.30 Uhr<\/td>\n<td>Vater Jahn Stadion, TH Muldenschule<\/td>\n<td>19 &#8211; 99 Jahre<\/td>\n<td>U. Sperling<\/td>\n<\/tr>\n<tr>\n<td>Donnerstag<\/td>\n<td>17.00 &#8211; 18.00 Uhr<\/td>\n<td>Stadion, TH Grundschule<\/td>\n<td>4 &#8211; 6 Jahre<\/td>\n<td>O . Storl<\/td>\n<\/tr>\n<tr>\n<td>Donnerstag<\/td>\n<td>16.00 &#8211; 18.00 Uhr<\/td>\n<td>SH Ziegeleiweg, ab April Stadion<\/td>\n<td>7 &#8211; 19 Jahre<\/td>\n<td>U. Sperling, M. Sperling, P. Storl<\/td>\n<\/tr>\n<tr>\n<td>Sonntag<\/td>\n<td>10.00 &#8211; 12.00 Uhr<\/td>\n<td>Vater Jahn Stadion, TH Regenbogen<\/td>\n<td>12 &#8211; 19 Jahre<\/td>\n<td>M. Sperling, R. Weber<\/td>\n<\/tr>\n<tr>\n<td colspan=\"5\" bgcolor=\"#0b55c4\"><span style=\"color: #ffffff;\"><strong>Schwimmen<\/strong><\/span><\/td>\n<\/tr>\n<tr bgcolor=\"#c3d2e5\">\n<td>Tag<\/td>\n<td>Uhrzeit<\/td>\n<td>Sportst\u00e4tte<\/td>\n<td>Altersgruppe<\/td>\n<td>\u00dcbungsleiter<\/td>\n<\/tr>\n<tr>\n<td>Montag<\/td>\n<td>16.00 &#8211; 17.00 Uhr<\/td>\n<td>Lehrschwimmbecken der Mittelschule<\/td>\n<td>5 &#8211; 15 Jahre<\/td>\n<td>Frau Krenkel<\/td>\n<\/tr>\n<tr>\n<td>Dienstag<\/td>\n<td>17.00 &#8211; 18.00 Uhr<\/td>\n<td>Lehrschwimmbecken der Mittelschule<\/td>\n<td>8 &#8211; 18 Jahre<\/td>\n<td>H. Br\u00fcssau<\/td>\n<\/tr>\n<tr>\n<td colspan=\"5\" bgcolor=\"#0b55c4\"><span style=\"color: #ffffff;\"><strong>Kinderturnen<\/strong><\/span><\/td>\n<\/tr>\n<tr bgcolor=\"#c3d2e5\">\n<td>Tag<\/td>\n<td>Uhrzeit<\/td>\n<td>Sportst\u00e4tte<\/td>\n<td>Altersgruppe<\/td>\n<td>\u00dcbungsleiter<\/td>\n<\/tr>\n<tr>\n<td>Mittwoch<\/td>\n<td>16.00 &#8211; 17.00 Uhr<\/td>\n<td>TH Gymnasium<\/td>\n<td>4 &#8211; 6 Jahre<\/td>\n<td>Frau Kessler und Maria<\/td>\n<\/tr>\n<tr>\n<td>Mittwoch<\/td>\n<td>17.00 &#8211; 18.00 Uhr<\/td>\n<td>TH Gymnasium<\/td>\n<td>6 &#8211; 8Jahre<\/td>\n<td>&nbsp;<\/td>\n<\/tr>\n<\/tbody>\n<\/table>\n<p>&nbsp;<\/p>\n","protected":false},"excerpt":{"rendered":"<p>&nbsp; Badminton Tag Uhrzeit Sportst\u00e4tte Altersgruppe \u00dcbungsleiter Dienstag 19.00 &#8211; 21.00 Uhr SH am Regenbogen 17 &#8211; 77 Jahre D. Wachler Fitness Tag Uhrzeit Sportst\u00e4tte Altersgruppe \u00dcbungsleiter Montag bis Donnerstag 10.00 &#8211; 21.00 Uhr Fitnessraum im Vereinsheim des VfA ab 16 Jahre E. T\u00fcrschmann Freitag 10.00 &#8211; 21.00 Uhr &nbsp; ab 16 Jahre E. T\u00fcrschmann &hellip; <\/p>\n<p><a class=\"more-link btn\" href=\"https:\/\/www.vfa-rochlitzer-berg.de\/?page_id=11\">Weiterlesen<\/a><\/p>\n","protected":false},"author":1,"featured_media":0,"parent":0,"menu_order":1,"comment_status":"closed","ping_status":"open","template":"template-onecolumn.php","meta":{"ngg_post_thumbnail":0,"footnotes":""},"class_list":["post-11","page","type-page","status-publish","hentry","nodate","item-wrap"],"_links":{"self":[{"href":"https:\/\/www.vfa-rochlitzer-berg.de\/index.php?rest_route=\/wp\/v2\/pages\/11","targetHints":{"allow":["GET"]}}],"collection":[{"href":"https:\/\/www.vfa-rochlitzer-berg.de\/index.php?rest_route=\/wp\/v2\/pages"}],"about":[{"href":"https:\/\/www.vfa-rochlitzer-berg.de\/index.php?rest_route=\/wp\/v2\/types\/page"}],"author":[{"embeddable":true,"href":"https:\/\/www.vfa-rochlitzer-berg.de\/index.php?rest_route=\/wp\/v2\/users\/1"}],"replies":[{"embeddable":true,"href":"https:\/\/www.vfa-rochlitzer-berg.de\/index.php?rest_route=%2Fwp%2Fv2%2Fcomments&post=11"}],"version-history":[{"count":37,"href":"https:\/\/www.vfa-rochlitzer-berg.de\/index.php?rest_route=\/wp\/v2\/pages\/11\/revisions"}],"predecessor-version":[{"id":4548,"href":"https:\/\/www.vfa-rochlitzer-berg.de\/index.php?rest_route=\/wp\/v2\/pages\/11\/revisions\/4548"}],"wp:attachment":[{"href":"https:\/\/www.vfa-rochlitzer-berg.de\/index.php?rest_route=%2Fwp%2Fv2%2Fmedia&parent=11"}],"curies":[{"name":"wp","href":"https:\/\/api.w.org\/{rel}","templated":true}]}}